{"id":6047,"date":"2025-01-15T21:06:19","date_gmt":"2025-01-15T20:06:19","guid":{"rendered":"https:\/\/zst-skarzysko.pl\/?page_id=6047"},"modified":"2025-01-15T21:16:23","modified_gmt":"2025-01-15T20:16:23","slug":"wyniki-ii-etapu-rekrutacji-do-projektu-akredytacji-erasmusa","status":"publish","type":"page","link":"https:\/\/zst-skarzysko.pl\/?page_id=6047","title":{"rendered":"WYNIKI II ETAPU REKRUTACJI DO PROJEKTU Akredytacji Erasmusa"},"content":{"rendered":"<p>Zako\u0144czy\u0142 si\u0119 drugi etap rekrutacji do projektu Akredytacji Erasmusa w roku szkolnym 2024\/25. W ramach projektu uczniowie wyjad\u0105 na sta\u017ce do Portugalii &#8211; elektrycy i monterzy oraz do Szwecji &#8211; informatycy i programi\u015bci.<\/p>\n<p>Portugalia:<\/p>\n<p><a href=\"https:\/\/zst-skarzysko.pl\/wp-content\/uploads\/2025\/01\/elektryk_monter.pdf\" target=\"_blank\" rel=\"noopener\">elektryk , monter<\/a><\/p>\n<p>&nbsp;<\/p>\n<p>Szwecja:<\/p>\n<p><a href=\"https:\/\/zst-skarzysko.pl\/wp-content\/uploads\/2025\/01\/informatyk_programista.pdf\" target=\"_blank\" rel=\"noopener\">informatyk, programista<\/a><\/p>\n<p>&nbsp;<\/p>\n<p>III etap odb\u0119dzie si\u0119 we czwartek 16.01 wed\u0142ug nast\u0119puj\u0105cego harmonogramu:<\/p>\n<p>9.00 &#8211; technik programista<\/p>\n<p>9.45 &#8211; technik informatyk<\/p>\n<p>10.15 &#8211; monter<\/p>\n<p>10.45 &#8211; technik elektryk.<\/p>\n","protected":false},"excerpt":{"rendered":"<p>Zako\u0144czy\u0142 si\u0119 drugi etap rekrutacji do projektu Akredytacji Erasmusa w roku szkolnym 2024\/25. W ramach projektu uczniowie wyjad\u0105 na sta\u017ce do Portugalii &#8211; elektrycy i [&hellip;]<\/p>\n","protected":false},"author":8,"featured_media":0,"parent":0,"menu_order":0,"comment_status":"closed","ping_status":"closed","template":"","meta":{"footnotes":"","_links_to":"","_links_to_target":""},"class_list":["post-6047","page","type-page","status-publish","hentry"],"_links":{"self":[{"href":"https:\/\/zst-skarzysko.pl\/index.php?rest_route=\/wp\/v2\/pages\/6047","targetHints":{"allow":["GET"]}}],"collection":[{"href":"https:\/\/zst-skarzysko.pl\/index.php?rest_route=\/wp\/v2\/pages"}],"about":[{"href":"https:\/\/zst-skarzysko.pl\/index.php?rest_route=\/wp\/v2\/types\/page"}],"author":[{"embeddable":true,"href":"https:\/\/zst-skarzysko.pl\/index.php?rest_route=\/wp\/v2\/users\/8"}],"replies":[{"embeddable":true,"href":"https:\/\/zst-skarzysko.pl\/index.php?rest_route=%2Fwp%2Fv2%2Fcomments&post=6047"}],"version-history":[{"count":4,"href":"https:\/\/zst-skarzysko.pl\/index.php?rest_route=\/wp\/v2\/pages\/6047\/revisions"}],"predecessor-version":[{"id":6056,"href":"https:\/\/zst-skarzysko.pl\/index.php?rest_route=\/wp\/v2\/pages\/6047\/revisions\/6056"}],"wp:attachment":[{"href":"https:\/\/zst-skarzysko.pl\/index.php?rest_route=%2Fwp%2Fv2%2Fmedia&parent=6047"}],"curies":[{"name":"wp","href":"https:\/\/api.w.org\/{rel}","templated":true}]}}