{"id":6033,"date":"2025-01-11T09:27:41","date_gmt":"2025-01-11T08:27:41","guid":{"rendered":"https:\/\/zst-skarzysko.pl\/?page_id=6033"},"modified":"2025-01-11T09:37:15","modified_gmt":"2025-01-11T08:37:15","slug":"wyniki-rekrutacji-do-projektu-akredytacji-erasmusa-i-etap","status":"publish","type":"page","link":"https:\/\/zst-skarzysko.pl\/?page_id=6033","title":{"rendered":"WYNIKI REKRUTACJI DO PROJEKTU AKREDYTACJI ERASMUSA &#8211; I ETAP"},"content":{"rendered":"<p>Zako\u0144czy\u0142 si\u0119 pierwszy etap rekrutacji do projektu Akredytacji Erasmusa w roku szkolnym 2024\/25. W ramach projektu uczniowie wyjad\u0105 na sta\u017ce do Portugalii &#8211; elektrycy i monterzy oraz do Szwecji &#8211; informatycy i programi\u015bci.<\/p>\n<p>Portugalia:<\/p>\n<p><a href=\"https:\/\/zst-skarzysko.pl\/wp-content\/uploads\/2025\/01\/3-Te-elektryk-koniec-roku-2023-24.pdf\" target=\"_blank\" rel=\"noopener\">3 Te &#8211; elektryk<\/a><\/p>\n<p><a href=\"https:\/\/zst-skarzysko.pl\/wp-content\/uploads\/2025\/01\/4-Te-elektryk-koniec-roku-2023-24.pdf\" target=\"_blank\" rel=\"noopener\">4 Te &#8211; elektryk<\/a><\/p>\n<p><a href=\"https:\/\/zst-skarzysko.pl\/wp-content\/uploads\/2025\/01\/3a-monter-koniec-roku-2023-24.pdf\" target=\"_blank\" rel=\"noopener\">3a &#8211; monter<\/a><\/p>\n<p>&nbsp;<\/p>\n<p>Szwecja:<\/p>\n<p><a href=\"https:\/\/zst-skarzysko.pl\/wp-content\/uploads\/2025\/01\/3-Ti-informatyk-koniec-roku-2023-24.pdf\" target=\"_blank\" rel=\"noopener\">3 Ti &#8211; informatyk <\/a><\/p>\n<p><a href=\"https:\/\/zst-skarzysko.pl\/wp-content\/uploads\/2025\/01\/3-Tp-programista-koniec-roku-2023-24.pdf\" target=\"_blank\" rel=\"noopener\">3 Tp &#8211; programista <\/a><\/p>\n<p><a href=\"https:\/\/zst-skarzysko.pl\/wp-content\/uploads\/2025\/01\/3-Tpe-programista-koniec-roku-2023-24.pdf\" target=\"_blank\" rel=\"noopener\">3 Tpe &#8211; programista <\/a><\/p>\n<p><a href=\"https:\/\/zst-skarzysko.pl\/wp-content\/uploads\/2025\/01\/4-Tp-programista-koniec-roku-2023-24.pdf\" target=\"_blank\" rel=\"noopener\">4 Tp &#8211; programista <\/a><\/p>\n","protected":false},"excerpt":{"rendered":"<p>Zako\u0144czy\u0142 si\u0119 pierwszy etap rekrutacji do projektu Akredytacji Erasmusa w roku szkolnym 2024\/25. W ramach projektu uczniowie wyjad\u0105 na sta\u017ce do Portugalii &#8211; elektrycy i [&hellip;]<\/p>\n","protected":false},"author":8,"featured_media":5186,"parent":0,"menu_order":0,"comment_status":"closed","ping_status":"closed","template":"","meta":{"footnotes":"","_links_to":"","_links_to_target":""},"class_list":["post-6033","page","type-page","status-publish","has-post-thumbnail","hentry"],"_links":{"self":[{"href":"https:\/\/zst-skarzysko.pl\/index.php?rest_route=\/wp\/v2\/pages\/6033","targetHints":{"allow":["GET"]}}],"collection":[{"href":"https:\/\/zst-skarzysko.pl\/index.php?rest_route=\/wp\/v2\/pages"}],"about":[{"href":"https:\/\/zst-skarzysko.pl\/index.php?rest_route=\/wp\/v2\/types\/page"}],"author":[{"embeddable":true,"href":"https:\/\/zst-skarzysko.pl\/index.php?rest_route=\/wp\/v2\/users\/8"}],"replies":[{"embeddable":true,"href":"https:\/\/zst-skarzysko.pl\/index.php?rest_route=%2Fwp%2Fv2%2Fcomments&post=6033"}],"version-history":[{"count":3,"href":"https:\/\/zst-skarzysko.pl\/index.php?rest_route=\/wp\/v2\/pages\/6033\/revisions"}],"predecessor-version":[{"id":6046,"href":"https:\/\/zst-skarzysko.pl\/index.php?rest_route=\/wp\/v2\/pages\/6033\/revisions\/6046"}],"wp:featuredmedia":[{"embeddable":true,"href":"https:\/\/zst-skarzysko.pl\/index.php?rest_route=\/wp\/v2\/media\/5186"}],"wp:attachment":[{"href":"https:\/\/zst-skarzysko.pl\/index.php?rest_route=%2Fwp%2Fv2%2Fmedia&parent=6033"}],"curies":[{"name":"wp","href":"https:\/\/api.w.org\/{rel}","templated":true}]}}