{"id":5810,"date":"2024-09-24T08:43:45","date_gmt":"2024-09-24T06:43:45","guid":{"rendered":"https:\/\/zst-skarzysko.pl\/?page_id=5810"},"modified":"2025-09-08T11:57:09","modified_gmt":"2025-09-08T09:57:09","slug":"nauczyciele","status":"publish","type":"page","link":"https:\/\/zst-skarzysko.pl\/?page_id=5810","title":{"rendered":"Kadra pedagogiczna"},"content":{"rendered":"<p>&nbsp;<\/p>\n<table class=\" aligncenter\" style=\"width: 77.7682%; height: 1784px;\" width=\"679\">\n<tbody>\n<tr style=\"height: 96px;\">\n<td style=\"width: 7.8056%; height: 96px;\" width=\"50\"><\/td>\n<td style=\"width: 90.7217%; height: 96px;\" colspan=\"2\" width=\"629\">\u00a0 \u00a0 \u00a0 \u00a0 \u00a0 \u00a0 \u00a0 \u00a0 \u00a0 \u00a0 \u00a0 \u00a0 \u00a0 \u00a0 \u00a0 WYKAZ KADRY PEDAGOGICZNEJ W ZESPOLE SZK\u00d3\u0141 TECHNICZNYCH<\/p>\n<p>W SKAR\u017bYSKU-KAMIENNEJ<\/td>\n<\/tr>\n<tr style=\"height: 24px;\">\n<td style=\"width: 7.8056%; height: 24px;\" width=\"50\"><strong>L.p.<\/strong><\/td>\n<td style=\"width: 35.4934%; height: 24px;\" width=\"245\"><strong>Nazwisko i imi\u0119<\/strong><\/td>\n<td style=\"width: 55.2283%; height: 24px;\" width=\"384\"><strong>Stanowisko<\/strong><\/td>\n<\/tr>\n<tr style=\"height: 24px;\">\n<td style=\"width: 7.8056%; height: 24px;\" width=\"50\">1<\/td>\n<td style=\"width: 35.4934%; height: 24px;\" width=\"245\">Andrzej Kotwica<\/td>\n<td style=\"width: 55.2283%; height: 24px;\" width=\"384\">dyrektor \/ nauczyciel przedmiot\u00f3w informatycznych<\/td>\n<\/tr>\n<tr style=\"height: 24px;\">\n<td style=\"width: 7.8056%; height: 24px;\" width=\"50\">2<\/td>\n<td style=\"width: 35.4934%; height: 24px;\" width=\"245\">Ma\u0142gorzata Sojka<\/td>\n<td style=\"width: 55.2283%; height: 24px;\" width=\"384\">wicedyrektor \/ nauczyciel matematyki<\/td>\n<\/tr>\n<tr style=\"height: 24px;\">\n<td style=\"width: 7.8056%; height: 24px;\" width=\"50\">3<\/td>\n<td style=\"width: 35.4934%; height: 24px;\" width=\"245\">Burtnik Gra\u017cyna<\/td>\n<td style=\"width: 55.2283%; height: 24px;\" width=\"384\">wicedyrektor \/ nauczyciel przedmiot\u00f3w budowlanych<\/td>\n<\/tr>\n<tr style=\"height: 24px;\">\n<td style=\"width: 7.8056%; height: 24px;\" width=\"50\">4<\/td>\n<td style=\"width: 35.4934%; height: 24px;\" width=\"245\">Micha\u0142 Banaszczyk<\/td>\n<td style=\"width: 55.2283%; height: 24px;\" width=\"384\">nauczyciel wsp\u00f3\u0142organizuj\u0105cy kszta\u0142cenie<\/td>\n<\/tr>\n<tr style=\"height: 24px;\">\n<td style=\"width: 7.8056%; height: 24px;\" width=\"50\">5<\/td>\n<td style=\"width: 35.4934%; height: 24px;\" width=\"245\">Agnieszka Basiak<\/td>\n<td style=\"width: 55.2283%; height: 24px;\" width=\"384\">nauczyciel fizyki<\/td>\n<\/tr>\n<tr style=\"height: 24px;\">\n<td style=\"width: 7.8056%; height: 24px;\" width=\"50\">6<\/td>\n<td style=\"width: 35.4934%; height: 24px;\" width=\"245\">Monika Bialik-Pawlak<\/td>\n<td style=\"width: 55.2283%; height: 24px;\" width=\"384\">pedagog \/ pedagog specjalny<\/td>\n<\/tr>\n<tr style=\"height: 24px;\">\n<td style=\"width: 7.8056%; height: 24px;\" width=\"50\">7<\/td>\n<td style=\"width: 35.4934%; height: 24px;\" width=\"245\">Robert Bi\u0144czak<\/td>\n<td style=\"width: 55.2283%; height: 24px;\" width=\"384\">nauczyciel przedmiot\u00f3w informatycznych<\/td>\n<\/tr>\n<tr style=\"height: 24px;\">\n<td style=\"width: 7.8056%; height: 24px;\" width=\"50\">8<\/td>\n<td style=\"width: 35.4934%; height: 24px;\" width=\"245\">Kamil Florczak<\/td>\n<td style=\"width: 55.2283%; height: 24px;\" width=\"384\">nauczyciel religii<\/td>\n<\/tr>\n<tr style=\"height: 24px;\">\n<td style=\"width: 7.8056%; height: 24px;\" width=\"50\">9<\/td>\n<td style=\"width: 35.4934%; height: 24px;\" width=\"245\">\u00a0Pawe\u0142 Ch\u0142opek<\/td>\n<td style=\"width: 55.2283%; height: 24px;\" width=\"384\">nauczyciel przedmiot\u00f3w budowlanych \/ nauczyciel praktycznej nauki zawodu<\/td>\n<\/tr>\n<tr style=\"height: 24px;\">\n<td style=\"width: 7.8056%; height: 24px;\" width=\"50\">10<\/td>\n<td style=\"width: 35.4934%; height: 24px;\" width=\"245\">Justyna Fokt-Bodo<\/td>\n<td style=\"width: 55.2283%; height: 24px;\" width=\"384\">nauczyciel biologii \/ pedagog specjalny<\/td>\n<\/tr>\n<tr style=\"height: 24px;\">\n<td style=\"width: 7.8056%; height: 24px;\" width=\"50\">11<\/td>\n<td style=\"width: 35.4934%; height: 24px;\" width=\"245\">Arkadiusz Fr\u0105tczak<\/td>\n<td style=\"width: 55.2283%; height: 24px;\" width=\"384\">nauczyciel chemii \/ edukacji dla bezpiecze\u0144stwa \/ przedmiot\u00f3w budowlanych<\/td>\n<\/tr>\n<tr style=\"height: 24px;\">\n<td style=\"width: 7.8056%; height: 24px;\" width=\"50\">12<\/td>\n<td style=\"width: 35.4934%; height: 24px;\" width=\"245\">Ewelina Garbacz<\/td>\n<td style=\"width: 55.2283%; height: 24px;\" width=\"384\">nauczyciel przedmiot\u00f3w informatycznych<\/td>\n<\/tr>\n<tr style=\"height: 24px;\">\n<td style=\"width: 7.8056%; height: 24px;\" width=\"50\">13<\/td>\n<td style=\"width: 35.4934%; height: 24px;\" width=\"245\">Gromek Gustaw<\/td>\n<td style=\"width: 55.2283%; height: 24px;\" width=\"384\">nauczyciel przedmiot\u00f3w fotograficznych<\/td>\n<\/tr>\n<tr style=\"height: 24px;\">\n<td style=\"width: 7.8056%; height: 24px;\" width=\"50\">14<\/td>\n<td style=\"width: 35.4934%; height: 24px;\" width=\"245\">\u00a0Ma\u0142gorzata Grunt<\/td>\n<td style=\"width: 55.2283%; height: 24px;\" width=\"384\">nauczyciel j\u0119zyka angielskiego<\/td>\n<\/tr>\n<tr style=\"height: 24px;\">\n<td style=\"width: 7.8056%; height: 24px;\" width=\"50\">15<\/td>\n<td style=\"width: 35.4934%; height: 24px;\" width=\"245\">Beata Grzybowska<\/td>\n<td style=\"width: 55.2283%; height: 24px;\" width=\"384\">nauczyciel bibliotekarz \/ nauczyciel j\u0119zyka polskiego<\/td>\n<\/tr>\n<tr style=\"height: 24px;\">\n<td style=\"width: 7.8056%; height: 24px;\" width=\"50\">16<\/td>\n<td style=\"width: 35.4934%; height: 24px;\" width=\"245\">Przemys\u0142aw Janicki<\/td>\n<td style=\"width: 55.2283%; height: 24px;\" width=\"384\">nauczyciel przedmiot\u00f3w informatycznych<\/td>\n<\/tr>\n<tr style=\"height: 24px;\">\n<td style=\"width: 7.8056%; height: 24px;\" width=\"50\">17<\/td>\n<td style=\"width: 35.4934%; height: 24px;\" width=\"245\">Wioletta Jasi\u0144ska-Koch<\/td>\n<td style=\"width: 55.2283%; height: 24px;\" width=\"384\">nauczyciel j\u0119zyka polskiego<\/td>\n<\/tr>\n<tr style=\"height: 24px;\">\n<td style=\"width: 7.8056%; height: 24px;\" width=\"50\">18<\/td>\n<td style=\"width: 35.4934%; height: 24px;\" width=\"245\">Pawe\u0142 Kartasi\u0144ski<\/td>\n<td style=\"width: 55.2283%; height: 24px;\" width=\"384\">nauczyciel przedmiot\u00f3w elektronicznych<\/td>\n<\/tr>\n<tr style=\"height: 24px;\">\n<td style=\"width: 7.8056%; height: 24px;\" width=\"50\">19<\/td>\n<td style=\"width: 35.4934%; height: 24px;\" width=\"245\">Mariusz Kosowski<\/td>\n<td style=\"width: 55.2283%; height: 24px;\" width=\"384\">nauczyciel historii \/ historii i tera\u017aniejszo\u015bci<\/td>\n<\/tr>\n<tr style=\"height: 24px;\">\n<td style=\"width: 7.8056%; height: 24px;\" width=\"50\">20<\/td>\n<td style=\"width: 35.4934%; height: 24px;\" width=\"245\">Anna Kowalik<\/td>\n<td style=\"width: 55.2283%; height: 24px;\" width=\"384\">nauczyciel matematyki<\/td>\n<\/tr>\n<tr style=\"height: 24px;\">\n<td style=\"width: 7.8056%; height: 24px;\" width=\"50\">21<\/td>\n<td style=\"width: 35.4934%; height: 24px;\" width=\"245\">Izabela Kuli\u0144ska<\/td>\n<td style=\"width: 55.2283%; height: 24px;\" width=\"384\">nauczyciel przedmiot\u00f3w budowlanych<\/td>\n<\/tr>\n<tr style=\"height: 24px;\">\n<td style=\"width: 7.8056%; height: 24px;\" width=\"50\">22<\/td>\n<td style=\"width: 35.4934%; height: 24px;\" width=\"245\">Anna \u0141akomiec<\/td>\n<td style=\"width: 55.2283%; height: 24px;\" width=\"384\">nauczyciel j\u0119zyka angielskiego<\/td>\n<\/tr>\n<tr style=\"height: 24px;\">\n<td style=\"width: 7.8056%; height: 24px;\" width=\"50\">23<\/td>\n<td style=\"width: 35.4934%; height: 24px;\" width=\"245\">Krzysztof \u0141akomiec<\/td>\n<td style=\"width: 55.2283%; height: 24px;\" width=\"384\">nauczyciel przedmiot\u00f3w elektrycznych<\/td>\n<\/tr>\n<tr style=\"height: 24px;\">\n<td style=\"width: 7.8056%; height: 24px;\" width=\"50\">24<\/td>\n<td style=\"width: 35.4934%; height: 24px;\" width=\"245\">Janusz \u0141ukomski<\/td>\n<td style=\"width: 55.2283%; height: 24px;\" width=\"384\">nauczyciel przedmiot\u00f3w elektrycznych<\/td>\n<\/tr>\n<tr style=\"height: 24px;\">\n<td style=\"width: 7.8056%; height: 24px;\" width=\"50\">25<\/td>\n<td style=\"width: 35.4934%; height: 24px;\" width=\"245\">Agnieszka Miernik<\/td>\n<td style=\"width: 55.2283%; height: 24px;\" width=\"384\">nauczyciel religii<\/td>\n<\/tr>\n<tr style=\"height: 24px;\">\n<td style=\"width: 7.8056%; height: 24px;\" width=\"50\">26<\/td>\n<td style=\"width: 35.4934%; height: 24px;\" width=\"245\">Magdalena Nowak<\/td>\n<td style=\"width: 55.2283%; height: 24px;\" width=\"384\">nauczyciel j\u0119zyka niemieckiego<\/td>\n<\/tr>\n<tr style=\"height: 24px;\">\n<td style=\"width: 7.8056%; height: 24px;\" width=\"50\">27<\/td>\n<td style=\"width: 35.4934%; height: 24px;\" width=\"245\">Daniel O\u017cd\u017cy\u0144ski<\/td>\n<td style=\"width: 55.2283%; height: 24px;\" width=\"384\">nauczyciel przedmiot\u00f3w informatycznych<\/td>\n<\/tr>\n<tr style=\"height: 24px;\">\n<td style=\"width: 7.8056%; height: 24px;\" width=\"50\">28<\/td>\n<td style=\"width: 35.4934%; height: 24px;\" width=\"245\">Jerzy Pi\u0105tkowski<\/td>\n<td style=\"width: 55.2283%; height: 24px;\" width=\"384\">nauczyciel wiedzy\u00a0 o spo\u0142ecze\u0144stwie<\/td>\n<\/tr>\n<tr style=\"height: 24px;\">\n<td style=\"width: 7.8056%; height: 24px;\" width=\"50\">29<\/td>\n<td style=\"width: 35.4934%; height: 24px;\" width=\"245\">Aleksandra Pielewska<\/td>\n<td style=\"width: 55.2283%; height: 24px;\" width=\"384\">nauczyciel matematyki<\/td>\n<\/tr>\n<tr style=\"height: 24px;\">\n<td style=\"width: 7.8056%; height: 24px;\" width=\"50\">30<\/td>\n<td style=\"width: 35.4934%; height: 24px;\" width=\"245\">Joanna Pielewska<\/td>\n<td style=\"width: 55.2283%; height: 24px;\" width=\"384\">nauczyciel historii \/ geografii \/ historii i tera\u017aniejszo\u015bci<\/td>\n<\/tr>\n<tr style=\"height: 24px;\">\n<td style=\"width: 7.8056%; height: 24px;\" width=\"50\">31<\/td>\n<td style=\"width: 35.4934%; height: 24px;\" width=\"245\">Tomasz Polak<\/td>\n<td style=\"width: 55.2283%; height: 24px;\" width=\"384\">nauczyciel przedmiot\u00f3w informatycznych<\/td>\n<\/tr>\n<tr style=\"height: 24px;\">\n<td style=\"width: 7.8056%; height: 24px;\" width=\"50\">32<\/td>\n<td style=\"width: 35.4934%; height: 24px;\" width=\"245\">Grzegorz Potrzebowski<\/td>\n<td style=\"width: 55.2283%; height: 24px;\" width=\"384\">nauczyciel religii<\/td>\n<\/tr>\n<tr style=\"height: 24px;\">\n<td style=\"width: 7.8056%; height: 24px;\" width=\"50\">33<\/td>\n<td style=\"width: 35.4934%; height: 24px;\" width=\"245\">Ewa Popkiewicz-Ajdynopulos<\/td>\n<td style=\"width: 55.2283%; height: 24px;\" width=\"384\">nauczyciel j\u0119zyka niemieckiego<\/td>\n<\/tr>\n<tr style=\"height: 24px;\">\n<td style=\"width: 7.8056%; height: 24px;\" width=\"50\">34<\/td>\n<td style=\"width: 35.4934%; height: 24px;\" width=\"245\">Samson Karina<\/td>\n<td style=\"width: 55.2283%; height: 24px;\" width=\"384\">nauczyciel biznesu i zarz\u0105dzania<\/td>\n<\/tr>\n<tr style=\"height: 24px;\">\n<td style=\"width: 7.8056%; height: 24px;\" width=\"50\">35<\/td>\n<td style=\"width: 35.4934%; height: 24px;\" width=\"245\">Izabela Skuza<\/td>\n<td style=\"width: 55.2283%; height: 24px;\" width=\"384\">nauczyciel j\u0119zyka angielskiego<\/td>\n<\/tr>\n<tr style=\"height: 24px;\">\n<td style=\"width: 7.8056%; height: 24px;\" width=\"50\">36<\/td>\n<td style=\"width: 35.4934%; height: 24px;\" width=\"245\">Damian Strzelec<\/td>\n<td style=\"width: 55.2283%; height: 24px;\" width=\"384\">nauczyciel praktycznej nauki zawodu &#8211; przedmioty mechaniczne<\/td>\n<\/tr>\n<tr style=\"height: 24px;\">\n<td style=\"width: 7.8056%; height: 24px;\" width=\"50\">37<\/td>\n<td style=\"width: 35.4934%; height: 24px;\" width=\"245\">Jan Suwara<\/td>\n<td style=\"width: 55.2283%; height: 24px;\" width=\"384\">nauczyciel przedmiot\u00f3w budowlanych \/ nauczyciel praktycznej nauki zawodu<\/td>\n<\/tr>\n<tr style=\"height: 24px;\">\n<td style=\"width: 7.8056%; height: 24px;\" width=\"50\">38<\/td>\n<td style=\"width: 35.4934%; height: 24px;\" width=\"245\">Marcin Swajdo<\/td>\n<td style=\"width: 55.2283%; height: 24px;\" width=\"384\">nauczyciel wychowania fizycznego<\/td>\n<\/tr>\n<tr style=\"height: 24px;\">\n<td style=\"width: 7.8056%; height: 24px;\" width=\"50\">39<\/td>\n<td style=\"width: 35.4934%; height: 24px;\">Anna Szafraniec<\/td>\n<td style=\"width: 55.2283%; height: 24px;\">nauczyciel matematyki<\/td>\n<\/tr>\n<tr style=\"height: 24px;\">\n<td style=\"width: 7.8056%; height: 24px;\" width=\"50\">40<\/td>\n<td style=\"width: 35.4934%; height: 24px;\" width=\"245\">Jacek Szyma\u0144ski<\/td>\n<td style=\"width: 55.2283%; height: 24px;\" width=\"384\">nauczyciel wychowania fizycznego<\/td>\n<\/tr>\n<tr style=\"height: 24px;\">\n<td style=\"width: 7.8056%; height: 24px;\" width=\"50\">41<\/td>\n<td style=\"width: 35.4934%; height: 24px;\" width=\"245\">Cezary Szymkiewicz<\/td>\n<td style=\"width: 55.2283%; height: 24px;\" width=\"384\">nauczyciel przedmiot\u00f3w fotograficznych<\/td>\n<\/tr>\n<tr style=\"height: 24px;\">\n<td style=\"width: 7.8056%; height: 24px;\" width=\"50\">42<\/td>\n<td style=\"width: 35.4934%; height: 24px;\" width=\"245\">Andrzej \u015awidunowicz<\/td>\n<td style=\"width: 55.2283%; height: 24px;\" width=\"384\">nauczyciel wychowania fizycznego<\/td>\n<\/tr>\n<tr style=\"height: 24px;\">\n<td style=\"width: 7.8056%; height: 24px;\" width=\"50\">43<\/td>\n<td style=\"width: 35.4934%; height: 24px;\" width=\"245\">Aneta \u015awitowska<\/td>\n<td style=\"width: 55.2283%; height: 24px;\" width=\"384\">nauczyciel j\u0119zyka polskiego<\/td>\n<\/tr>\n<tr style=\"height: 24px;\">\n<td style=\"width: 7.8056%; height: 24px;\">44<\/td>\n<td style=\"width: 35.4934%; height: 24px;\" width=\"245\">Miros\u0142aw Taras<\/td>\n<td style=\"width: 55.2283%; height: 24px;\" width=\"384\">nauczyciel wychowania fizycznego<\/td>\n<\/tr>\n<tr style=\"height: 24px;\">\n<td style=\"width: 7.8056%; height: 24px;\" width=\"50\">45<\/td>\n<td style=\"width: 35.4934%; height: 24px;\" width=\"245\">Dominik Telec<\/td>\n<td style=\"width: 55.2283%; height: 24px;\" width=\"384\">nauczyciel przedmiot\u00f3w fotograficznych<\/td>\n<\/tr>\n<tr style=\"height: 24px;\">\n<td style=\"width: 7.8056%; height: 24px;\" width=\"50\">46<\/td>\n<td style=\"width: 35.4934%; height: 24px;\" width=\"245\">Dariusz W\u0105sowski<\/td>\n<td style=\"width: 55.2283%; height: 24px;\" width=\"384\">nauczyciel j\u0119zyka polskiego<\/td>\n<\/tr>\n<tr style=\"height: 24px;\">\n<td style=\"width: 7.8056%; height: 24px;\" width=\"50\">47<\/td>\n<td style=\"width: 35.4934%; height: 24px;\" width=\"245\">Ireneusz Wiatr<\/td>\n<td style=\"width: 55.2283%; height: 24px;\" width=\"384\">nauczyciel praktycznej nauki zawodu &#8211; przedmioty budowlane<\/td>\n<\/tr>\n<tr style=\"height: 24px;\">\n<td style=\"width: 7.8056%; height: 24px;\" width=\"50\">48<\/td>\n<td style=\"width: 35.4934%; height: 24px;\" width=\"245\">Ma\u0142gorzata\u00a0 Wielchorska<\/td>\n<td style=\"width: 55.2283%; height: 24px;\" width=\"384\">nauczyciel chemii<\/td>\n<\/tr>\n<tr style=\"height: 24px;\">\n<td style=\"width: 7.8056%; height: 24px;\" width=\"50\">49<\/td>\n<td style=\"width: 35.4934%; height: 24px;\" width=\"245\">Agnieszka Wo\u017aniak-Grad<\/td>\n<td style=\"width: 55.2283%; height: 24px;\" width=\"384\">nauczyciel geografii \/ podstaw przedsi\u0119biorczo\u015bci \/ biznesu i zarzadzania \/<\/p>\n<p>podstaw dzia\u0142alno\u015bci gospodarczej<\/td>\n<\/tr>\n<tr style=\"height: 24px;\">\n<td style=\"width: 7.8056%; height: 24px;\" width=\"50\">50<\/td>\n<td style=\"width: 35.4934%; height: 24px;\" width=\"245\">Karol Wysmoli\u0144ski<\/td>\n<td style=\"width: 55.2283%; height: 24px;\" width=\"384\">psycholog<\/td>\n<\/tr>\n<tr style=\"height: 24px;\">\n<td style=\"width: 7.8056%; height: 24px;\" width=\"50\">51<\/td>\n<td style=\"width: 35.4934%; height: 24px;\" width=\"245\">Mariola Zagajska<\/td>\n<td style=\"width: 55.2283%; height: 24px;\" width=\"384\">nauczyciel matematyki<\/td>\n<\/tr>\n<tr style=\"height: 24px;\">\n<td style=\"width: 7.8056%; height: 24px;\" width=\"50\">52<\/td>\n<td style=\"width: 35.4934%; height: 24px;\" width=\"245\">Pawe\u0142 Zarzycki<\/td>\n<td style=\"width: 55.2283%; height: 24px;\" width=\"384\">nauczyciel przedmiot\u00f3w budowlanych \/ nauczyciel praktycznej nauki zawodu<\/td>\n<\/tr>\n<\/tbody>\n<\/table>\n<p>&nbsp;<\/p>\n","protected":false},"excerpt":{"rendered":"<p>&nbsp; \u00a0 \u00a0 \u00a0 \u00a0 \u00a0 \u00a0 \u00a0 \u00a0 \u00a0 \u00a0 \u00a0 \u00a0 \u00a0 \u00a0 \u00a0 WYKAZ KADRY PEDAGOGICZNEJ W ZESPOLE SZK\u00d3\u0141 TECHNICZNYCH W SKAR\u017bYSKU-KAMIENNEJ [&hellip;]<\/p>\n","protected":false},"author":8,"featured_media":0,"parent":0,"menu_order":0,"comment_status":"closed","ping_status":"closed","template":"","meta":{"footnotes":"","_links_to":"","_links_to_target":""},"class_list":["post-5810","page","type-page","status-publish","hentry"],"_links":{"self":[{"href":"https:\/\/zst-skarzysko.pl\/index.php?rest_route=\/wp\/v2\/pages\/5810","targetHints":{"allow":["GET"]}}],"collection":[{"href":"https:\/\/zst-skarzysko.pl\/index.php?rest_route=\/wp\/v2\/pages"}],"about":[{"href":"https:\/\/zst-skarzysko.pl\/index.php?rest_route=\/wp\/v2\/types\/page"}],"author":[{"embeddable":true,"href":"https:\/\/zst-skarzysko.pl\/index.php?rest_route=\/wp\/v2\/users\/8"}],"replies":[{"embeddable":true,"href":"https:\/\/zst-skarzysko.pl\/index.php?rest_route=%2Fwp%2Fv2%2Fcomments&post=5810"}],"version-history":[{"count":4,"href":"https:\/\/zst-skarzysko.pl\/index.php?rest_route=\/wp\/v2\/pages\/5810\/revisions"}],"predecessor-version":[{"id":6345,"href":"https:\/\/zst-skarzysko.pl\/index.php?rest_route=\/wp\/v2\/pages\/5810\/revisions\/6345"}],"wp:attachment":[{"href":"https:\/\/zst-skarzysko.pl\/index.php?rest_route=%2Fwp%2Fv2%2Fmedia&parent=5810"}],"curies":[{"name":"wp","href":"https:\/\/api.w.org\/{rel}","templated":true}]}}