{"id":5714,"date":"2024-06-19T14:39:45","date_gmt":"2024-06-19T12:39:45","guid":{"rendered":"https:\/\/zst-skarzysko.pl\/?page_id=5714"},"modified":"2024-06-20T08:06:54","modified_gmt":"2024-06-20T06:06:54","slug":"ostateczna-lista-zakwalifikowanych-do-wyjazdu-na-staz","status":"publish","type":"page","link":"https:\/\/zst-skarzysko.pl\/?page_id=5714","title":{"rendered":"Ostateczna lista zakwalifikowanych do wyjazdu na sta\u017c"},"content":{"rendered":"<p><img decoding=\"async\" class=\"aligncenter  wp-image-5723\" src=\"https:\/\/zst-skarzysko.pl\/wp-content\/uploads\/2024\/06\/logo_FERS-300x53.jpg\" alt=\"\" width=\"402\" height=\"71\" srcset=\"https:\/\/zst-skarzysko.pl\/wp-content\/uploads\/2024\/06\/logo_FERS-300x53.jpg 300w, https:\/\/zst-skarzysko.pl\/wp-content\/uploads\/2024\/06\/logo_FERS-1024x183.jpg 1024w, https:\/\/zst-skarzysko.pl\/wp-content\/uploads\/2024\/06\/logo_FERS-768x137.jpg 768w, https:\/\/zst-skarzysko.pl\/wp-content\/uploads\/2024\/06\/logo_FERS-1536x274.jpg 1536w, https:\/\/zst-skarzysko.pl\/wp-content\/uploads\/2024\/06\/logo_FERS.jpg 1795w\" sizes=\"(max-width: 402px) 100vw, 402px\" \/><\/p>\n<p><b>Ostateczna lista zakwalifikowanych do wyjazdu na sta\u017c<\/b><\/p>\n<p><strong>Miejsce sta\u017cu: Sewilla, Hiszpania<\/strong><\/p>\n<p><span style=\"font-weight: 400;\">Termin: jesie\u0144 2024<\/span><\/p>\n<p><span style=\"font-weight: 400;\">Zaw\u00f3d: technik programista\u00a0<\/span><\/p>\n<p><span style=\"font-weight: 400;\">Klasa: <\/span><b>2 Tp<\/b><\/p>\n<table>\n<tbody>\n<tr>\n<td><\/td>\n<td><b>Imi\u0119 i nazwisko<\/b><span style=\"font-weight: 400;\">\u00a0<\/span><\/td>\n<td><b>SUMA<\/b><\/td>\n<\/tr>\n<tr>\n<td><span style=\"font-weight: 400;\">1.<\/span><\/td>\n<td><span style=\"font-weight: 400;\">Maciej Kowalczyk<\/span><\/td>\n<td><b>75<\/b><\/td>\n<\/tr>\n<tr>\n<td><span style=\"font-weight: 400;\">2.<\/span><\/td>\n<td><span style=\"font-weight: 400;\">Karina Kozerenko<\/span><\/td>\n<td><b>69<\/b><\/td>\n<\/tr>\n<tr>\n<td><span style=\"font-weight: 400;\">3.<\/span><\/td>\n<td><span style=\"font-weight: 400;\">Szymon Kartasi\u0144ski\u00a0<\/span><\/td>\n<td><b>66<\/b><\/td>\n<\/tr>\n<tr>\n<td><span style=\"font-weight: 400;\">4.<\/span><\/td>\n<td><span style=\"font-weight: 400;\">Samuel \u015awierczek<\/span><\/td>\n<td><b>64<\/b><\/td>\n<\/tr>\n<tr>\n<td><span style=\"font-weight: 400;\">5.<\/span><\/td>\n<td><span style=\"font-weight: 400;\">Adrian \u0141ojek<\/span><\/td>\n<td><b>63<\/b><\/td>\n<\/tr>\n<tr>\n<td><span style=\"font-weight: 400;\">6.<\/span><\/td>\n<td><span style=\"font-weight: 400;\">Jakub Ko\u0142ek<\/span><\/td>\n<td><b>60<\/b><\/td>\n<\/tr>\n<tr>\n<td><span style=\"font-weight: 400;\">7.<\/span><\/td>\n<td><span style=\"font-weight: 400;\">Igor Wro\u0144ski<\/span><\/td>\n<td><b>58<\/b><\/td>\n<\/tr>\n<\/tbody>\n<\/table>\n<p>&nbsp;<\/p>\n<p><span style=\"font-weight: 400;\">Klasa: <\/span><b>3 Tp<\/b><\/p>\n<table>\n<tbody>\n<tr>\n<td><\/td>\n<td><b>Imi\u0119 i nazwisko<\/b><\/td>\n<td><b>SUMA<\/b><\/td>\n<\/tr>\n<tr>\n<td><span style=\"font-weight: 400;\">1.<\/span><\/td>\n<td><span style=\"font-weight: 400;\">Maciej Janowicz<\/span><\/td>\n<td><b>58<\/b><\/td>\n<\/tr>\n<\/tbody>\n<\/table>\n<p>&nbsp;<\/p>\n<p><span style=\"font-weight: 400;\">Lista rezerwowa:<\/span><\/p>\n<ol>\n<li style=\"font-weight: 400;\" aria-level=\"1\"><span style=\"font-weight: 400;\">Jakub Adamczyk \u2013 56 pkt.\u00a0<\/span><\/li>\n<li style=\"font-weight: 400;\" aria-level=\"1\"><span style=\"font-weight: 400;\">Bartosz Adamczyk \u2013 51 pkt.\u00a0<\/span><\/li>\n<li style=\"font-weight: 400;\" aria-level=\"1\"><span style=\"font-weight: 400;\">Piotr Jab\u0142o\u0144ski \u2013 50 pkt.\u00a0<\/span><\/li>\n<li style=\"font-weight: 400;\" aria-level=\"1\"><span style=\"font-weight: 400;\">Grzegorz Ga\u0142czy\u0144ski \u2013 48 pkt.\u00a0<\/span><\/li>\n<li style=\"font-weight: 400;\" aria-level=\"1\"><span style=\"font-weight: 400;\">Mateusz Mendak \u2013 45 pkt.\u00a0<\/span><\/li>\n<li style=\"font-weight: 400;\" aria-level=\"1\"><span style=\"font-weight: 400;\">Jakub Lozia \u2013 41 pkt.\u00a0<\/span><\/li>\n<li style=\"font-weight: 400;\" aria-level=\"1\"><span style=\"font-weight: 400;\">Eryk Stopa \u2013 40 pkt.\u00a0<\/span><\/li>\n<li style=\"font-weight: 400;\" aria-level=\"1\"><span style=\"font-weight: 400;\">Przemys\u0142aw S\u0142omi\u0144ski \u2013 39 pkt.\u00a0<\/span><\/li>\n<li style=\"font-weight: 400;\" aria-level=\"1\"><span style=\"font-weight: 400;\">Bartosz Kwiatkowski \u2013 35 pkt.\u00a0<\/span><\/li>\n<\/ol>\n<p>&nbsp;<\/p>\n<p><b>Ostateczna lista zakwalifikowanych do wyjazdu na sta\u017c<\/b><\/p>\n<p><span style=\"font-weight: 400;\">Miejsce sta\u017cu: Sewilla, Hiszpania<\/span><\/p>\n<p><span style=\"font-weight: 400;\">Termin: jesie\u0144 2024<\/span><\/p>\n<p><span style=\"font-weight: 400;\">Zaw\u00f3d: technik informatyk<\/span><\/p>\n<p><span style=\"font-weight: 400;\">Klasa: <\/span><b>2 Ti<\/b><\/p>\n<table>\n<tbody>\n<tr>\n<td><\/td>\n<td><b>Imi\u0119 i nazwisko<\/b><\/td>\n<td><b>SUMA<\/b><\/td>\n<\/tr>\n<tr>\n<td><span style=\"font-weight: 400;\">1.<\/span><\/td>\n<td><span style=\"font-weight: 400;\">Marcel Wrona<\/span><\/td>\n<td><b>67<\/b><\/td>\n<\/tr>\n<tr>\n<td><span style=\"font-weight: 400;\">2.<\/span><\/td>\n<td><span style=\"font-weight: 400;\">Tomasz Rogala<\/span><\/td>\n<td><b>62<\/b><\/td>\n<\/tr>\n<tr>\n<td><span style=\"font-weight: 400;\">3.<\/span><\/td>\n<td><span style=\"font-weight: 400;\">Krzysztof Suszyna<\/span><\/td>\n<td><b>62<\/b><\/td>\n<\/tr>\n<tr>\n<td><span style=\"font-weight: 400;\">4.<\/span><\/td>\n<td><span style=\"font-weight: 400;\">Jan Dziuba<\/span><\/td>\n<td><b>58<\/b><\/td>\n<\/tr>\n<tr>\n<td><span style=\"font-weight: 400;\">5.<\/span><\/td>\n<td><span style=\"font-weight: 400;\">Micha\u0142 Waszczyk<\/span><\/td>\n<td><b>55<\/b><\/td>\n<\/tr>\n<tr>\n<td><span style=\"font-weight: 400;\">6.<\/span><\/td>\n<td><span style=\"font-weight: 400;\">Jakub Wa\u0142achnia<\/span><\/td>\n<td><b>50<\/b><\/td>\n<\/tr>\n<tr>\n<td><span style=\"font-weight: 400;\">7.<\/span><\/td>\n<td><span style=\"font-weight: 400;\">Sebastian J\u0119drzejczyk<\/span><\/td>\n<td><b>50<\/b><\/td>\n<\/tr>\n<\/tbody>\n<\/table>\n<p>&nbsp;<\/p>\n<p><span style=\"font-weight: 400;\">Klasa: <\/span><b>3 Ti<\/b><\/p>\n<table>\n<tbody>\n<tr>\n<td><\/td>\n<td><b>Imi\u0119 i nazwisko<\/b><\/td>\n<td><b>SUMA<\/b><\/td>\n<\/tr>\n<tr>\n<td><span style=\"font-weight: 400;\">1.<\/span><\/td>\n<td><span style=\"font-weight: 400;\">Antoni Dudzic<\/span><\/td>\n<td><b>56<\/b><\/td>\n<\/tr>\n<\/tbody>\n<\/table>\n<p>&nbsp;<\/p>\n<p><span style=\"font-weight: 400;\">Lista rezerwowa:<\/span><\/p>\n<ol>\n<li style=\"font-weight: 400;\" aria-level=\"1\"><span style=\"font-weight: 400;\">Maciej Minda \u2013 49 pkt.<\/span><\/li>\n<li style=\"font-weight: 400;\" aria-level=\"1\"><span style=\"font-weight: 400;\">Konrad Kleczaj \u2013 37 pkt.<\/span><\/li>\n<\/ol>\n<p>&nbsp;<\/p>\n<p><strong>Miejsce sta\u017cu: Limassol, Cypr<\/strong><\/p>\n<p><span style=\"font-weight: 400;\">Termin: jesie\u0144 2024<\/span><\/p>\n<p><span style=\"font-weight: 400;\">Zaw\u00f3d: technik fotografii i multimedi\u00f3w<\/span><\/p>\n<p><span style=\"font-weight: 400;\">Klasa: <\/span><b>3 Tf<\/b><\/p>\n<table>\n<tbody>\n<tr>\n<td><\/td>\n<td><b>Imi\u0119 i nazwisko<\/b><span style=\"font-weight: 400;\">\u00a0<\/span><\/td>\n<td><b>SUMA<\/b><\/td>\n<\/tr>\n<tr>\n<td><span style=\"font-weight: 400;\">1.<\/span><\/td>\n<td><span style=\"font-weight: 400;\">Edyta Kaluga<\/span><\/td>\n<td><b>40<\/b><\/td>\n<\/tr>\n<tr>\n<td><span style=\"font-weight: 400;\">2.<\/span><\/td>\n<td><span style=\"font-weight: 400;\">Wiktoria Oziomek\u00a0<\/span><\/td>\n<td><b>40<\/b><\/td>\n<\/tr>\n<\/tbody>\n<\/table>\n<p>&nbsp;<\/p>\n<p><span style=\"font-weight: 400;\">Klasa: <\/span><b>2 Tf<\/b><\/p>\n<table>\n<tbody>\n<tr>\n<td><\/td>\n<td><b>Imi\u0119 i nazwisko<\/b><\/td>\n<td><b>SUMA<\/b><\/td>\n<\/tr>\n<tr>\n<td><span style=\"font-weight: 400;\">1.<\/span><\/td>\n<td><span style=\"font-weight: 400;\">Natan B\u0142asiak<\/span><\/td>\n<td><b>60<\/b><\/td>\n<\/tr>\n<tr>\n<td><span style=\"font-weight: 400;\">2.<\/span><\/td>\n<td><span style=\"font-weight: 400;\">Roksana Mazur<\/span><\/td>\n<td><b>56<\/b><\/td>\n<\/tr>\n<tr>\n<td><span style=\"font-weight: 400;\">3.<\/span><\/td>\n<td><span style=\"font-weight: 400;\">Magdalena Winiarska<\/span><\/td>\n<td><b>54<\/b><\/td>\n<\/tr>\n<tr>\n<td><span style=\"font-weight: 400;\">4.<\/span><\/td>\n<td><span style=\"font-weight: 400;\">Gabriela Wolska<\/span><\/td>\n<td><b>53<\/b><\/td>\n<\/tr>\n<tr>\n<td><span style=\"font-weight: 400;\">5.<\/span><\/td>\n<td><span style=\"font-weight: 400;\">Oliwia Misiowiec<\/span><\/td>\n<td><b>51<\/b><\/td>\n<\/tr>\n<tr>\n<td><span style=\"font-weight: 400;\">6.<\/span><\/td>\n<td><span style=\"font-weight: 400;\">Roksana Toporek<\/span><\/td>\n<td><b>50<\/b><\/td>\n<\/tr>\n<tr>\n<td><span style=\"font-weight: 400;\">7.<\/span><\/td>\n<td><span style=\"font-weight: 400;\">Agnieszka Or\u0142owska<\/span><\/td>\n<td><b>49<\/b><\/td>\n<\/tr>\n<tr>\n<td><span style=\"font-weight: 400;\">8.<\/span><\/td>\n<td><span style=\"font-weight: 400;\">Zuzanna Miturska<\/span><\/td>\n<td><b>44<\/b><\/td>\n<\/tr>\n<tr>\n<td><span style=\"font-weight: 400;\">9.<\/span><\/td>\n<td><span style=\"font-weight: 400;\">Adam \u015apiewak<\/span><\/td>\n<td><b>43<\/b><\/td>\n<\/tr>\n<tr>\n<td><span style=\"font-weight: 400;\">10.<\/span><\/td>\n<td><span style=\"font-weight: 400;\">Dominika Banaszczyk<\/span><\/td>\n<td><b>42<\/b><\/td>\n<\/tr>\n<tr>\n<td><span style=\"font-weight: 400;\">11.<\/span><\/td>\n<td><span style=\"font-weight: 400;\">Bartosz Stefa\u0144ski<\/span><\/td>\n<td><b>39<\/b><\/td>\n<\/tr>\n<tr>\n<td><span style=\"font-weight: 400;\">12.<\/span><\/td>\n<td><span style=\"font-weight: 400;\">Julia Adamczyk<\/span><\/td>\n<td><b>31<\/b><\/td>\n<\/tr>\n<\/tbody>\n<\/table>\n<p>&nbsp;<\/p>\n<p><span style=\"font-weight: 400;\">Lista rezerwowa:<\/span><\/p>\n<ol>\n<li style=\"font-weight: 400;\" aria-level=\"1\"><span style=\"font-weight: 400;\">Wiktoria Jana \u2013 30 pkt.\u00a0<\/span><\/li>\n<li style=\"font-weight: 400;\" aria-level=\"1\"><span style=\"font-weight: 400;\">Zuzanna Ja\u015bkiewicz \u2013 14 pkt.\u00a0<\/span><\/li>\n<\/ol>\n<p>&nbsp;<\/p>\n","protected":false},"excerpt":{"rendered":"<p>Ostateczna lista zakwalifikowanych do wyjazdu na sta\u017c Miejsce sta\u017cu: Sewilla, Hiszpania Termin: jesie\u0144 2024 Zaw\u00f3d: technik programista\u00a0 Klasa: 2 Tp Imi\u0119 i nazwisko\u00a0 SUMA 1. [&hellip;]<\/p>\n","protected":false},"author":8,"featured_media":0,"parent":0,"menu_order":0,"comment_status":"closed","ping_status":"closed","template":"","meta":{"footnotes":"","_links_to":"","_links_to_target":""},"class_list":["post-5714","page","type-page","status-publish","hentry"],"_links":{"self":[{"href":"https:\/\/zst-skarzysko.pl\/index.php?rest_route=\/wp\/v2\/pages\/5714","targetHints":{"allow":["GET"]}}],"collection":[{"href":"https:\/\/zst-skarzysko.pl\/index.php?rest_route=\/wp\/v2\/pages"}],"about":[{"href":"https:\/\/zst-skarzysko.pl\/index.php?rest_route=\/wp\/v2\/types\/page"}],"author":[{"embeddable":true,"href":"https:\/\/zst-skarzysko.pl\/index.php?rest_route=\/wp\/v2\/users\/8"}],"replies":[{"embeddable":true,"href":"https:\/\/zst-skarzysko.pl\/index.php?rest_route=%2Fwp%2Fv2%2Fcomments&post=5714"}],"version-history":[{"count":3,"href":"https:\/\/zst-skarzysko.pl\/index.php?rest_route=\/wp\/v2\/pages\/5714\/revisions"}],"predecessor-version":[{"id":5724,"href":"https:\/\/zst-skarzysko.pl\/index.php?rest_route=\/wp\/v2\/pages\/5714\/revisions\/5724"}],"wp:attachment":[{"href":"https:\/\/zst-skarzysko.pl\/index.php?rest_route=%2Fwp%2Fv2%2Fmedia&parent=5714"}],"curies":[{"name":"wp","href":"https:\/\/api.w.org\/{rel}","templated":true}]}}