{"id":5105,"date":"2023-11-20T10:10:12","date_gmt":"2023-11-20T09:10:12","guid":{"rendered":"http:\/\/zst-skarzysko.pl\/?page_id=5105"},"modified":"2024-04-22T14:31:36","modified_gmt":"2024-04-22T12:31:36","slug":"warunki-i-kryteria-rekrutacji-nauczyciele","status":"publish","type":"page","link":"https:\/\/zst-skarzysko.pl\/?page_id=5105","title":{"rendered":"Warunki i kryteria rekrutacji- nauczyciele"},"content":{"rendered":"<p style=\"text-align: center;\"><strong><img fetchpriority=\"high\" decoding=\"async\" class=\"aligncenter wp-image-5612\" src=\"https:\/\/zst-skarzysko.pl\/wp-content\/uploads\/2024\/04\/logo_akredytacja1-300x74.jpg\" alt=\"\" width=\"775\" height=\"191\" srcset=\"https:\/\/zst-skarzysko.pl\/wp-content\/uploads\/2024\/04\/logo_akredytacja1-300x74.jpg 300w, https:\/\/zst-skarzysko.pl\/wp-content\/uploads\/2024\/04\/logo_akredytacja1.jpg 657w\" sizes=\"(max-width: 775px) 100vw, 775px\" \/><\/strong><\/p>\n<p style=\"text-align: center;\"><strong>WARUNKI REKRUTACJI UCZESTNIK\u00d3W<\/strong><\/p>\n<p style=\"text-align: center;\"><strong>do udzia\u0142u w projekcie JOB SHADOWING<\/strong><\/p>\n<p style=\"text-align: center;\"><em><u>realizowanym <\/u><\/em><em><u>sektorze Kszta\u0142cenie i Szkolenia Zawodowe<\/u><\/em><\/p>\n<p style=\"text-align: center;\"><em><u>w\u00a0ramach Akredytacji Erasmusa 2022-1-PL01-KA120-VET-000109217.<\/u><\/em><\/p>\n<p><em><u>\u00a0<\/u><\/em><\/p>\n<ol>\n<li>Uczestnikami projektu mog\u0105 by\u0107 nauczyciele przedmiot\u00f3w zawodowych Zespo\u0142u Szk\u00f3\u0142 Technicznych w Skar\u017cysku-Kamiennej.<\/li>\n<li>Uczestnicy zobowi\u0105zuj\u0105 si\u0119 do odbycia etapu przygotowawczego przed wyjazdem oraz do wype\u0142niania wszelkich powinno\u015bci zwi\u0105zanych z realizacj\u0105 sta\u017cu.<\/li>\n<li>Zainteresowani udzia\u0142em nauczyciele, wykorzystuj\u0105c szkoln\u0105 us\u0142ug\u0119 Office 365, wype\u0142niaj\u0105 w aplikacji Forms formularz zg\u0142oszeniowy wraz z wymaganymi zgodami. Bezpo\u015bredni link do formularza rekrutacyjnego dost\u0119pny jest na <a href=\"http:\/\/www.zst-skarzysko.pl\">www.zst-skarzysko.pl<\/a> w menu: Akredytacja Erasmusa &#8211; Nauczyciele.<\/li>\n<li>O zakwalifikowaniu nauczyciela do udzia\u0142u w sta\u017cu decydowa\u0107\u0301 b\u0119dzie z\u0142o\u017cenie formularza w\u00a0wyznaczonym terminie. Jako\u015bciowej ceny formularzy zg\u0142oszeniowych dokona Komisja Rekrutacyjna w\u00a0sk\u0142adzie:<\/li>\n<\/ol>\n<p>&#8211; dyrektor ZST,<\/p>\n<p>&#8211; koordynator projektu.<\/p>\n<ol start=\"5\">\n<li>Ocenie podlega\u0107\u0301 b\u0119dzie: znajomo\u015b\u0107\u0301 j. angielskiego, motywacja, wcze\u015bniejsze zaanga\u017cowanie w\u00a0projekty szkolne i europejskie oraz jako\u015b\u0107\u0301 planowanych dzia\u0142a\u0144 upowszechniaj\u0105cych.<\/li>\n<li>Od decyzji Komisji przys\u0142uguje odwo\u0142anie w ci\u0105gu 7 dni do Dyrektora ZST, kt\u00f3ry rozpatruje je w ci\u0105gu 5 dni roboczych od daty wp\u0142ywu pisma.<\/li>\n<li>Ostateczn\u0105 decyzj\u0119 o zakwalifikowaniu kandydata na sta\u017c JOB SHADOWING podejmuje dyrektor ZST.<\/li>\n<\/ol>\n<p>&nbsp;<\/p>\n<p>\u2026\u2026\u2026\u2026\u2026\u2026\u2026\u2026\u2026\u2026\u2026\u2026\u2026\u2026\u2026\u2026\u2026\u2026\u2026\u2026\u2026\u2026\u2026\u2026\u2026\u2026\u2026\u2026\u2026\u2026\u2026\u2026\u2026\u2026\u2026\u2026\u2026\u2026\u2026\u2026\u2026\u2026\u2026\u2026\u2026\u2026\u2026\u2026\u2026\u2026\u2026\u2026\u2026\u2026\u2026\u2026\u2026\u2026..<\/p>\n<p><strong>\u00a0<\/strong><\/p>\n<p><strong>KRYTERIA REKRUTACJI<\/strong><\/p>\n<p><strong>\u00a0<\/strong><\/p>\n<ul>\n<li>Uzasadnienie udzia\u0142u w projekcie (2-3-4-5-6 pkt.)<\/li>\n<li>Zaanga\u017cowanie w realizacj\u0119 kierunk\u00f3w pracy szko\u0142y (2-3-4-5 pkt.)<\/li>\n<li>Zaanga\u017cowanie w projekty szkolne i europejskie oraz do\u015bwiadczenia w\u00a0mobilno\u015bciach (2-3-4-5 pkt.)<\/li>\n<li>Znajomo\u015b\u0107 j\u0119zyka angielskiego (2-4-6 pkt.)<\/li>\n<\/ul>\n","protected":false},"excerpt":{"rendered":"<p>WARUNKI REKRUTACJI UCZESTNIK\u00d3W do udzia\u0142u w projekcie JOB SHADOWING realizowanym sektorze Kszta\u0142cenie i Szkolenia Zawodowe w\u00a0ramach Akredytacji Erasmusa 2022-1-PL01-KA120-VET-000109217. \u00a0 Uczestnikami projektu mog\u0105 by\u0107 nauczyciele [&hellip;]<\/p>\n","protected":false},"author":8,"featured_media":0,"parent":0,"menu_order":0,"comment_status":"closed","ping_status":"closed","template":"","meta":{"footnotes":"","_links_to":"","_links_to_target":""},"class_list":["post-5105","page","type-page","status-publish","hentry"],"_links":{"self":[{"href":"https:\/\/zst-skarzysko.pl\/index.php?rest_route=\/wp\/v2\/pages\/5105","targetHints":{"allow":["GET"]}}],"collection":[{"href":"https:\/\/zst-skarzysko.pl\/index.php?rest_route=\/wp\/v2\/pages"}],"about":[{"href":"https:\/\/zst-skarzysko.pl\/index.php?rest_route=\/wp\/v2\/types\/page"}],"author":[{"embeddable":true,"href":"https:\/\/zst-skarzysko.pl\/index.php?rest_route=\/wp\/v2\/users\/8"}],"replies":[{"embeddable":true,"href":"https:\/\/zst-skarzysko.pl\/index.php?rest_route=%2Fwp%2Fv2%2Fcomments&post=5105"}],"version-history":[{"count":3,"href":"https:\/\/zst-skarzysko.pl\/index.php?rest_route=\/wp\/v2\/pages\/5105\/revisions"}],"predecessor-version":[{"id":5613,"href":"https:\/\/zst-skarzysko.pl\/index.php?rest_route=\/wp\/v2\/pages\/5105\/revisions\/5613"}],"wp:attachment":[{"href":"https:\/\/zst-skarzysko.pl\/index.php?rest_route=%2Fwp%2Fv2%2Fmedia&parent=5105"}],"curies":[{"name":"wp","href":"https:\/\/api.w.org\/{rel}","templated":true}]}}