{"id":5061,"date":"2023-11-09T11:12:24","date_gmt":"2023-11-09T10:12:24","guid":{"rendered":"http:\/\/zst-skarzysko.pl\/?page_id=5061"},"modified":"2024-09-23T11:08:23","modified_gmt":"2024-09-23T09:08:23","slug":"o-projekcie-frse","status":"publish","type":"page","link":"https:\/\/zst-skarzysko.pl\/?page_id=5061","title":{"rendered":"O projekcie FERS"},"content":{"rendered":"<p><img fetchpriority=\"high\" decoding=\"async\" class=\"aligncenter wp-image-5723\" src=\"https:\/\/zst-skarzysko.pl\/wp-content\/uploads\/2024\/06\/logo_FERS-300x53.jpg\" alt=\"\" width=\"679\" height=\"120\" srcset=\"https:\/\/zst-skarzysko.pl\/wp-content\/uploads\/2024\/06\/logo_FERS-300x53.jpg 300w, https:\/\/zst-skarzysko.pl\/wp-content\/uploads\/2024\/06\/logo_FERS-1024x183.jpg 1024w, https:\/\/zst-skarzysko.pl\/wp-content\/uploads\/2024\/06\/logo_FERS-768x137.jpg 768w, https:\/\/zst-skarzysko.pl\/wp-content\/uploads\/2024\/06\/logo_FERS-1536x274.jpg 1536w, https:\/\/zst-skarzysko.pl\/wp-content\/uploads\/2024\/06\/logo_FERS.jpg 1795w\" sizes=\"(max-width: 679px) 100vw, 679px\" \/><\/p>\n<p class=\"gwp4b24a7ef_MsoNormal\" style=\"text-align: center;\"><strong><span style=\"font-size: 20px;\">O projekcie\u00a0<\/span><\/strong><\/p>\n<p class=\"gwp4b24a7ef_MsoNormal\">Projekt praktyk zagranicznych realizowany jest w Zespole Szk\u00f3\u0142 Technicznych\u00a0w Skar\u017cysku-Kamiennej w ramach projektu\u00a0<i>\u201eZagraniczna mobilno\u015b\u0107 edukacyjna uczni\u00f3w i absolwent\u00f3w oraz kadry kszta\u0142cenia zawodowego\u201d\u00a0<\/i>ze\u00a0\u015brodk\u00f3w Europejskiego Funduszu Spo\u0142ecznego Plus w\u00a0ramach Programu Fundusze\u00a0Europejskie\u00a0dla\u00a0Rozwoju\u00a0Spo\u0142ecznego\u00a0(FERS)\u00a02021-2027.<\/p>\n<p class=\"gwp4b24a7ef_MsoNormal\">Czas realizacji: 2023-10-01 \u2013 2025-01-31<\/p>\n<p class=\"gwp4b24a7ef_MsoNormal\">Bud\u017cet: 268532, 57 z\u0142 \u00a0&#8211; 58134 \u20ac<\/p>\n<p class=\"gwp4b24a7ef_MsoNormal\"><b>Cele projektu:<\/b><\/p>\n<p class=\"gwp4b24a7ef_MsoNormal\">1) Podniesienie jako\u015bci pracy szko\u0142y poprzez realizacj\u0119 dwutygodniowych zawodowych praktyk zagranicznych dla uczni\u00f3w w zawodach technik fotografii i multimedi\u00f3w, technik informatyk oraz technik programista.<\/p>\n<p class=\"gwp4b24a7ef_MsoNormal\">2) Poprawa wynik\u00f3w egzamin\u00f3w potwierdzaj\u0105cych kwalifikacje w zawodzie poprzez wykorzystanie do\u015bwiadcze\u0144 wynikaj\u0105cych z udzia\u0142u w praktykach zagranicznych.<\/p>\n<p class=\"gwp4b24a7ef_MsoNormal\">3) Podniesienie poziomu kszta\u0142cenia kompetencji kluczowych w zakresie nauki j\u0119zyka obcego zawodowego i og\u00f3lnego poprzez udzia\u0142 w praktykach zagranicznych.<\/p>\n<p class=\"gwp4b24a7ef_MsoNormal\">4) Zwi\u0119kszenia motywacji ucznia i zapobiegania wyst\u0119powaniu zjawiska wczesnego opuszczaniu szko\u0142y poprzez podniesienie atrakcyjno\u015bci procesu kszta\u0142cenia zwi\u0105zanego z\u00a0udzia\u0142em w\u00a0praktykach.<\/p>\n<p class=\"gwp4b24a7ef_MsoNormal\">Realizacja projektu praktyk zagranicznych:<\/p>\n<p class=\"gwp4b24a7ef_MsoNormal\">&#8211; pozwala zrealizowa\u0107 okre\u015blone w Strategii Rozwoju Szko\u0142y cele polegaj\u0105ce na sta\u0142ym podnoszeniu jako\u015bci kszta\u0142cenia poprzez dostosowaniu metod i form kszta\u0142cenia zawodowego do wymog\u00f3w nowoczesnego, polskiego i europejskiego rynku pracy,<\/p>\n<p class=\"gwp4b24a7ef_MsoNormal\">&#8211; wpisuje si\u0119 w dzia\u0142ania s\u0142u\u017c\u0105ce rozbudowie oferty edukacyjnej dla uczni\u00f3w,<\/p>\n<p class=\"gwp4b24a7ef_MsoNormal\">&#8211; stwarza mo\u017cliwo\u015b\u0107 realizacji potrzeb i aspiracji uczni\u00f3w w zakresie podnoszenia kwalifikacji zawodowych, kompetencji kluczowych, budowy \u015bcie\u017cki kariery zawodowej oraz rozwoju osobistego,<\/p>\n<p class=\"gwp4b24a7ef_MsoNormal\">&#8211; s\u0142u\u017cy r\u00f3wnie\u017c podnoszenie kompetencji nauczycieli uczestnicz\u0105cych w przygotowaniu i\u00a0realizacji projektu\u00a0w r\u00f3\u017cnych jego etapach umiej\u0119tno\u015bci j\u0119zykowych, dydaktycznych, cyfrowych i organizacyjnych,<\/p>\n<p class=\"gwp4b24a7ef_MsoNormal\">&#8211; promuje kszta\u0142cenie zawodowe i szko\u0142\u0119.<\/p>\n<p class=\"gwp4b24a7ef_MsoNormal\">W ramach projektu planowane s\u0105 dwa dwutygodniowe sta\u017ce zagraniczne dla uczni\u00f3w w\u00a0zawodach:<\/p>\n<p class=\"gwp4b24a7ef_MsoNormal\">&#8211; technik fotografii i multimedi\u00f3w &#8211; sta\u017c na Cyprze &#8211; 14 uczni\u00f3w,<\/p>\n<p class=\"gwp4b24a7ef_MsoNormal\">&#8211; technik informatyk i technik programista &#8211; sta\u017c w Hiszpanii &#8211; 16 uczni\u00f3w.<\/p>\n","protected":false},"excerpt":{"rendered":"<p>O projekcie\u00a0 Projekt praktyk zagranicznych realizowany jest w Zespole Szk\u00f3\u0142 Technicznych\u00a0w Skar\u017cysku-Kamiennej w ramach projektu\u00a0\u201eZagraniczna mobilno\u015b\u0107 edukacyjna uczni\u00f3w i absolwent\u00f3w oraz kadry kszta\u0142cenia zawodowego\u201d\u00a0ze\u00a0\u015brodk\u00f3w Europejskiego [&hellip;]<\/p>\n","protected":false},"author":8,"featured_media":0,"parent":0,"menu_order":0,"comment_status":"closed","ping_status":"closed","template":"","meta":{"footnotes":"","_links_to":"","_links_to_target":""},"class_list":["post-5061","page","type-page","status-publish","hentry"],"_links":{"self":[{"href":"https:\/\/zst-skarzysko.pl\/index.php?rest_route=\/wp\/v2\/pages\/5061","targetHints":{"allow":["GET"]}}],"collection":[{"href":"https:\/\/zst-skarzysko.pl\/index.php?rest_route=\/wp\/v2\/pages"}],"about":[{"href":"https:\/\/zst-skarzysko.pl\/index.php?rest_route=\/wp\/v2\/types\/page"}],"author":[{"embeddable":true,"href":"https:\/\/zst-skarzysko.pl\/index.php?rest_route=\/wp\/v2\/users\/8"}],"replies":[{"embeddable":true,"href":"https:\/\/zst-skarzysko.pl\/index.php?rest_route=%2Fwp%2Fv2%2Fcomments&post=5061"}],"version-history":[{"count":5,"href":"https:\/\/zst-skarzysko.pl\/index.php?rest_route=\/wp\/v2\/pages\/5061\/revisions"}],"predecessor-version":[{"id":5809,"href":"https:\/\/zst-skarzysko.pl\/index.php?rest_route=\/wp\/v2\/pages\/5061\/revisions\/5809"}],"wp:attachment":[{"href":"https:\/\/zst-skarzysko.pl\/index.php?rest_route=%2Fwp%2Fv2%2Fmedia&parent=5061"}],"curies":[{"name":"wp","href":"https:\/\/api.w.org\/{rel}","templated":true}]}}