{"id":5058,"date":"2023-11-09T11:09:08","date_gmt":"2023-11-09T10:09:08","guid":{"rendered":"http:\/\/zst-skarzysko.pl\/?page_id=5058"},"modified":"2023-11-20T11:07:02","modified_gmt":"2023-11-20T10:07:02","slug":"o-projekcie-erasmus","status":"publish","type":"page","link":"https:\/\/zst-skarzysko.pl\/?page_id=5058","title":{"rendered":"O projekcie"},"content":{"rendered":"<p style=\"text-align: center;\"><span style=\"font-size: 18px;\"><strong>O PROJEKCIE<\/strong><\/span><\/p>\n<p>Projekt praktyk zagranicznych realizowany jest w ramach Akredytacji Erasmusa w\u00a0sektorze Kszta\u0142cenie i Szkolenia Zawodowe o numerze <strong><em>2022-1-PL01-KA120-VET-000109217<\/em><\/strong> i obejmuje:<\/p>\n<ul>\n<li>wyjazdy na dwutygodniowe sta\u017ce zawodowe u pracodawc\u00f3w dla uczni\u00f3w<\/li>\n<li>obserwacj\u0119 pracy (job shadowing) dla nauczycieli przedmiot\u00f3w zawodowych.<\/li>\n<\/ul>\n<p>Uczestnikami projektu w\u00a0latach 2023-2027 b\u0119dzie 10 nauczycieli oraz 160 uczni\u00f3w we wszystkich zawodach nauczanych w szkole:<\/p>\n<p>&#8211; technik budownictwa<\/p>\n<p>&#8211; technik elektryk<\/p>\n<p>&#8211; technik elektronik<\/p>\n<p>&#8211; technik informatyk<\/p>\n<p>&#8211; technik programista<\/p>\n<p>&#8211; technik fotografii i multimedi\u00f3w<\/p>\n<p>&#8211; monter zabudowy i rob\u00f3t wyko\u0144czeniowych w budownictwie.<\/p>\n<p><strong>\u00a0<\/strong><\/p>\n<p style=\"text-align: center;\"><span style=\"font-size: 18px;\"><strong>CELE PROJEKTU:<\/strong><\/span><\/p>\n<p>1) Podniesienie jako\u015bci kszta\u0142cenia poprzez realizacj\u0119 dwutygodniowych zawodowych praktyk zagranicznych dla uczni\u00f3w we wszystkich zawodach kszta\u0142conych w szkole.<\/p>\n<p>2) Poprawa wynik\u00f3w egzamin\u00f3w potwierdzaj\u0105cych kwalifikacje w zawodzie poprzez wykorzystanie do\u015bwiadcze\u0144 wynikaj\u0105cych z udzia\u0142u w praktykach zagranicznych.<\/p>\n<p>3) Zwi\u0119kszenie ilo\u015bci mobilno\u015bci zagranicznych.<\/p>\n<p>4) Podniesienie poziomu kszta\u0142cenia kompetencji kluczowych w zakresie nauki j\u0119zyka obcego zawodowego i og\u00f3lnego poprzez udzia\u0142 w praktykach zagranicznych.<\/p>\n<p>5) Zwi\u0119kszenia motywacji ucznia i zapobiegania wyst\u0119powaniu zjawiska wczesnego opuszczaniu szko\u0142y poprzez podniesienie atrakcyjno\u015bci procesu kszta\u0142cenia zwi\u0105zanego z udzia\u0142em w praktykach zagranicznych.<\/p>\n<p>6) Podnoszenie umiej\u0119tno\u015bci i kwalifikacji nauczycieli (ze szczeg\u00f3lnym uwzgl\u0119dnieniem ich kompetencji j\u0119zykowych, metodycznych, kulturowych i IT) poprzez udzia\u0142 w kursach lub job shadowing, czyli obserwacji pracy.<\/p>\n<p>&nbsp;<\/p>\n<p>&nbsp;<\/p>\n<p>&nbsp;<\/p>\n<p>&nbsp;<\/p>\n<p>&nbsp;<\/p>\n","protected":false},"excerpt":{"rendered":"<p>O PROJEKCIE Projekt praktyk zagranicznych realizowany jest w ramach Akredytacji Erasmusa w\u00a0sektorze Kszta\u0142cenie i Szkolenia Zawodowe o numerze 2022-1-PL01-KA120-VET-000109217 i obejmuje: wyjazdy na dwutygodniowe sta\u017ce [&hellip;]<\/p>\n","protected":false},"author":8,"featured_media":0,"parent":0,"menu_order":0,"comment_status":"closed","ping_status":"closed","template":"","meta":{"footnotes":"","_links_to":"","_links_to_target":""},"class_list":["post-5058","page","type-page","status-publish","hentry"],"_links":{"self":[{"href":"https:\/\/zst-skarzysko.pl\/index.php?rest_route=\/wp\/v2\/pages\/5058","targetHints":{"allow":["GET"]}}],"collection":[{"href":"https:\/\/zst-skarzysko.pl\/index.php?rest_route=\/wp\/v2\/pages"}],"about":[{"href":"https:\/\/zst-skarzysko.pl\/index.php?rest_route=\/wp\/v2\/types\/page"}],"author":[{"embeddable":true,"href":"https:\/\/zst-skarzysko.pl\/index.php?rest_route=\/wp\/v2\/users\/8"}],"replies":[{"embeddable":true,"href":"https:\/\/zst-skarzysko.pl\/index.php?rest_route=%2Fwp%2Fv2%2Fcomments&post=5058"}],"version-history":[{"count":4,"href":"https:\/\/zst-skarzysko.pl\/index.php?rest_route=\/wp\/v2\/pages\/5058\/revisions"}],"predecessor-version":[{"id":5114,"href":"https:\/\/zst-skarzysko.pl\/index.php?rest_route=\/wp\/v2\/pages\/5058\/revisions\/5114"}],"wp:attachment":[{"href":"https:\/\/zst-skarzysko.pl\/index.php?rest_route=%2Fwp%2Fv2%2Fmedia&parent=5058"}],"curies":[{"name":"wp","href":"https:\/\/api.w.org\/{rel}","templated":true}]}}