{"id":4750,"date":"2023-04-28T09:30:24","date_gmt":"2023-04-28T07:30:24","guid":{"rendered":"http:\/\/zst-skarzysko.pl\/?page_id=4750"},"modified":"2023-04-28T09:46:23","modified_gmt":"2023-04-28T07:46:23","slug":"rada-rodzicow","status":"publish","type":"page","link":"https:\/\/zst-skarzysko.pl\/?page_id=4750","title":{"rendered":"Rada rodzic\u00f3w"},"content":{"rendered":"<p>Rada rodzic\u00f3w przy Zespole Szk\u00f3\u0142 Technicznych<\/p>\n<p>&nbsp;<\/p>\n<p>Nr konta: PL <strong>84 1020 2629 0000 9502 0010 7813<\/strong><\/p>\n","protected":false},"excerpt":{"rendered":"<p>Rada rodzic\u00f3w przy Zespole Szk\u00f3\u0142 Technicznych &nbsp; Nr konta: PL 84 1020 2629 0000 9502 0010 7813<\/p>\n","protected":false},"author":8,"featured_media":0,"parent":0,"menu_order":0,"comment_status":"closed","ping_status":"closed","template":"","meta":{"footnotes":"","_links_to":"","_links_to_target":""},"class_list":["post-4750","page","type-page","status-publish","hentry"],"_links":{"self":[{"href":"https:\/\/zst-skarzysko.pl\/index.php?rest_route=\/wp\/v2\/pages\/4750","targetHints":{"allow":["GET"]}}],"collection":[{"href":"https:\/\/zst-skarzysko.pl\/index.php?rest_route=\/wp\/v2\/pages"}],"about":[{"href":"https:\/\/zst-skarzysko.pl\/index.php?rest_route=\/wp\/v2\/types\/page"}],"author":[{"embeddable":true,"href":"https:\/\/zst-skarzysko.pl\/index.php?rest_route=\/wp\/v2\/users\/8"}],"replies":[{"embeddable":true,"href":"https:\/\/zst-skarzysko.pl\/index.php?rest_route=%2Fwp%2Fv2%2Fcomments&post=4750"}],"version-history":[{"count":2,"href":"https:\/\/zst-skarzysko.pl\/index.php?rest_route=\/wp\/v2\/pages\/4750\/revisions"}],"predecessor-version":[{"id":4753,"href":"https:\/\/zst-skarzysko.pl\/index.php?rest_route=\/wp\/v2\/pages\/4750\/revisions\/4753"}],"wp:attachment":[{"href":"https:\/\/zst-skarzysko.pl\/index.php?rest_route=%2Fwp%2Fv2%2Fmedia&parent=4750"}],"curies":[{"name":"wp","href":"https:\/\/api.w.org\/{rel}","templated":true}]}}