{"id":4191,"date":"2022-04-04T14:25:04","date_gmt":"2022-04-04T12:25:04","guid":{"rendered":"https:\/\/zst-skarzysko.pl\/?page_id=4191"},"modified":"2022-04-04T14:31:05","modified_gmt":"2022-04-04T12:31:05","slug":"konkurs-programowania","status":"publish","type":"page","link":"https:\/\/zst-skarzysko.pl\/?page_id=4191","title":{"rendered":"Konkurs  PROGRAMOWANIA"},"content":{"rendered":"<p style=\"text-align: center;\"><span style=\"color: #000000;\"><strong><span style=\"font-size: 18pt;\">KONKURS PROGRAMOWANIA DLA UCZNI\u00d3W SZKO\u0141Y PODSTAWOWEJ<\/span><\/strong><\/span><\/p>\n<p style=\"text-align: center;\"><a title=\"Regulamin konkursu\" href=\"http:\/\/zst-skarzysko.pl\/konkurs\/regulamin_konkursu.pdf\" target=\"_blank\" rel=\"noopener\">REGULAMIN KONKURSU<\/a><\/p>\n<p style=\"text-align: center;\"><a title=\"Zadania konkursowe\" href=\"http:\/\/zst-skarzysko.pl\/konkurs\/zadania_konkurs.pdf\" target=\"_blank\" rel=\"noopener\">ZADANIA KONKURSOWE<\/a><\/p>\n<p style=\"text-align: center;\"><a title=\"O\u015bwiadczenie opiekuna\" href=\"http:\/\/zst-skarzysko.pl\/konkurs\/oswiadczenia_opiekuna.pdf\" target=\"_blank\" rel=\"noopener\">O\u015aWIADCZENIE<\/a><\/p>\n<p><img fetchpriority=\"high\" decoding=\"async\" class=\"wp-image-4194 aligncenter\" src=\"http:\/\/zst-skarzysko.pl\/wp-content\/uploads\/2022\/04\/plakatkonkurs3-212x300.jpg\" alt=\"\" width=\"390\" height=\"552\" srcset=\"https:\/\/zst-skarzysko.pl\/wp-content\/uploads\/2022\/04\/plakatkonkurs3-212x300.jpg 212w, https:\/\/zst-skarzysko.pl\/wp-content\/uploads\/2022\/04\/plakatkonkurs3-724x1024.jpg 724w, https:\/\/zst-skarzysko.pl\/wp-content\/uploads\/2022\/04\/plakatkonkurs3-768x1086.jpg 768w, https:\/\/zst-skarzysko.pl\/wp-content\/uploads\/2022\/04\/plakatkonkurs3-1086x1536.jpg 1086w, https:\/\/zst-skarzysko.pl\/wp-content\/uploads\/2022\/04\/plakatkonkurs3-1448x2048.jpg 1448w, https:\/\/zst-skarzysko.pl\/wp-content\/uploads\/2022\/04\/plakatkonkurs3-scaled.jpg 1810w\" sizes=\"(max-width: 390px) 100vw, 390px\" \/><\/p>\n","protected":false},"excerpt":{"rendered":"<p>KONKURS PROGRAMOWANIA DLA UCZNI\u00d3W SZKO\u0141Y PODSTAWOWEJ REGULAMIN KONKURSU ZADANIA KONKURSOWE O\u015aWIADCZENIE<\/p>\n","protected":false},"author":2,"featured_media":0,"parent":0,"menu_order":0,"comment_status":"closed","ping_status":"closed","template":"","meta":{"footnotes":"","_links_to":"","_links_to_target":""},"class_list":["post-4191","page","type-page","status-publish","hentry"],"_links":{"self":[{"href":"https:\/\/zst-skarzysko.pl\/index.php?rest_route=\/wp\/v2\/pages\/4191","targetHints":{"allow":["GET"]}}],"collection":[{"href":"https:\/\/zst-skarzysko.pl\/index.php?rest_route=\/wp\/v2\/pages"}],"about":[{"href":"https:\/\/zst-skarzysko.pl\/index.php?rest_route=\/wp\/v2\/types\/page"}],"author":[{"embeddable":true,"href":"https:\/\/zst-skarzysko.pl\/index.php?rest_route=\/wp\/v2\/users\/2"}],"replies":[{"embeddable":true,"href":"https:\/\/zst-skarzysko.pl\/index.php?rest_route=%2Fwp%2Fv2%2Fcomments&post=4191"}],"version-history":[{"count":5,"href":"https:\/\/zst-skarzysko.pl\/index.php?rest_route=\/wp\/v2\/pages\/4191\/revisions"}],"predecessor-version":[{"id":4201,"href":"https:\/\/zst-skarzysko.pl\/index.php?rest_route=\/wp\/v2\/pages\/4191\/revisions\/4201"}],"wp:attachment":[{"href":"https:\/\/zst-skarzysko.pl\/index.php?rest_route=%2Fwp%2Fv2%2Fmedia&parent=4191"}],"curies":[{"name":"wp","href":"https:\/\/api.w.org\/{rel}","templated":true}]}}